{"id":204,"date":"2020-04-10T10:33:55","date_gmt":"2020-04-10T10:33:55","guid":{"rendered":"https:\/\/butzbach-marking.de\/?page_id=204"},"modified":"2020-12-08T13:03:59","modified_gmt":"2020-12-08T12:03:59","slug":"service","status":"publish","type":"page","link":"https:\/\/butzbach-marking.de\/de\/service\/","title":{"rendered":"Service"},"content":{"rendered":"\t\t<div data-elementor-type=\"wp-page\" data-elementor-id=\"204\" class=\"elementor elementor-204\" data-elementor-post-type=\"page\">\n\t\t\t\t\t\t<section class=\"has_eae_slider elementor-section elementor-top-section elementor-element elementor-element-db48d51 elementor-section-content-middle elementor-section-boxed elementor-section-height-default elementor-section-height-default\" data-eae-slider=\"8472\" data-id=\"db48d51\" data-element_type=\"section\" data-e-type=\"section\">\n\t\t\t\t\t\t<div class=\"elementor-container elementor-column-gap-default\">\n\t\t\t\t\t<div class=\"has_eae_slider elementor-column elementor-col-100 elementor-top-column elementor-element elementor-element-26fa3e3\" data-eae-slider=\"59175\" data-id=\"26fa3e3\" data-element_type=\"column\" data-e-type=\"column\" data-settings=\"{&quot;background_background&quot;:&quot;classic&quot;}\">\n\t\t\t<div class=\"elementor-widget-wrap elementor-element-populated\">\n\t\t\t\t\t\t<div class=\"elementor-element elementor-element-d7e74e7 elementor-widget elementor-widget-spacer\" data-id=\"d7e74e7\" data-element_type=\"widget\" data-e-type=\"widget\" data-widget_type=\"spacer.default\">\n\t\t\t\t<div class=\"elementor-widget-container\">\n\t\t\t\t\t\t\t<div class=\"elementor-spacer\">\n\t\t\t<div class=\"elementor-spacer-inner\"><\/div>\n\t\t<\/div>\n\t\t\t\t\t\t<\/div>\n\t\t\t\t<\/div>\n\t\t\t\t\t<\/div>\n\t\t<\/div>\n\t\t\t\t\t<\/div>\n\t\t<\/section>\n\t\t\t\t<section class=\"has_eae_slider elementor-section elementor-top-section elementor-element elementor-element-b7d3b25 elementor-section-content-middle elementor-section-boxed elementor-section-height-default elementor-section-height-default\" data-eae-slider=\"31584\" data-id=\"b7d3b25\" data-element_type=\"section\" data-e-type=\"section\">\n\t\t\t\t\t\t<div class=\"elementor-container elementor-column-gap-default\">\n\t\t\t\t\t<div class=\"has_eae_slider elementor-column elementor-col-100 elementor-top-column elementor-element elementor-element-d01ca7c\" data-eae-slider=\"91473\" data-id=\"d01ca7c\" data-element_type=\"column\" data-e-type=\"column\" data-settings=\"{&quot;background_background&quot;:&quot;classic&quot;}\">\n\t\t\t<div class=\"elementor-widget-wrap elementor-element-populated\">\n\t\t\t\t\t\t<div class=\"elementor-element elementor-element-ce22e6c elementor-widget elementor-widget-text-editor\" data-id=\"ce22e6c\" data-element_type=\"widget\" data-e-type=\"widget\" data-widget_type=\"text-editor.default\">\n\t\t\t\t<div class=\"elementor-widget-container\">\n\t\t\t\t\t\t\t\t\t<p class=\"bodytext\">Sehr gerne erstellen wir auf ihre Anforderung bezogen eine Mustermarkierung mit ausf\u00fchrlichem Musterbericht innerhalb von 48 Stunden.\u00a0Oder vereinbaren sie mit uns einen Besuchstermin f\u00fcr eine kostenlose, unverbindliche Mustermarkierung und Anwendungsberatung in ihrem Haus.<\/p>\t\t\t\t\t\t\t\t<\/div>\n\t\t\t\t<\/div>\n\t\t\t\t\t<\/div>\n\t\t<\/div>\n\t\t\t\t\t<\/div>\n\t\t<\/section>\n\t\t\t\t<section class=\"has_eae_slider elementor-section elementor-top-section elementor-element elementor-element-dde5af8 elementor-section-content-middle elementor-section-boxed elementor-section-height-default elementor-section-height-default\" data-eae-slider=\"10562\" data-id=\"dde5af8\" data-element_type=\"section\" data-e-type=\"section\">\n\t\t\t\t\t\t<div class=\"elementor-container elementor-column-gap-default\">\n\t\t\t\t\t<div class=\"has_eae_slider elementor-column elementor-col-100 elementor-top-column elementor-element elementor-element-ff309a9\" data-eae-slider=\"44137\" data-id=\"ff309a9\" data-element_type=\"column\" data-e-type=\"column\" data-settings=\"{&quot;background_background&quot;:&quot;classic&quot;}\">\n\t\t\t<div class=\"elementor-widget-wrap elementor-element-populated\">\n\t\t\t\t\t\t<div class=\"elementor-element elementor-element-d11715a elementor-widget elementor-widget-heading\" data-id=\"d11715a\" data-element_type=\"widget\" data-e-type=\"widget\" data-widget_type=\"heading.default\">\n\t\t\t\t<div class=\"elementor-widget-container\">\n\t\t\t\t\t<h2 class=\"elementor-heading-title elementor-size-default\">Unser Versprechen<\/h2>\t\t\t\t<\/div>\n\t\t\t\t<\/div>\n\t\t\t\t<div class=\"elementor-element elementor-element-2533d03 elementor-widget elementor-widget-text-editor\" data-id=\"2533d03\" data-element_type=\"widget\" data-e-type=\"widget\" data-widget_type=\"text-editor.default\">\n\t\t\t\t<div class=\"elementor-widget-container\">\n\t\t\t\t\t\t\t\t\t<p class=\"bodytext\">Kundensupport steht f\u00fcr unser Vertriebs- und Serviceteam stets im Mittelpunkt.\u00a0Ein st\u00e4ndiger Erfahrungsaustausch und eine partnerschaftliche Zusammenarbeit sind f\u00fcr uns selbstverst\u00e4ndlich.\u00a0Von der pers\u00f6nlichen Anwendungsberatung und Inbetriebnahme vor Ort, bis zur schnellstm\u00f6glichen Reparatur, stehen wir ihnen immer zur Verf\u00fcgung.<\/p><p class=\"bodytext\">Unser Vertriebsteam erreichen Sie <br \/>von Montag bis Donnerstag zwischen 8 und 17 Uhr<br \/>sowie Freitags zwischen 8 und 16 Uhr.<br \/>Telefon: +49 212 \u00a088 17 95-60<br \/>E-Mail:\u00a0<a href=\"mailto:vertrieb@butzbach-marking.de\">vertrieb@butzbach-marking.de<\/a><\/p><p class=\"bodytext\">\u00a0<\/p>\t\t\t\t\t\t\t\t<\/div>\n\t\t\t\t<\/div>\n\t\t\t\t\t<\/div>\n\t\t<\/div>\n\t\t\t\t\t<\/div>\n\t\t<\/section>\n\t\t\t\t<section class=\"has_eae_slider elementor-section elementor-top-section elementor-element elementor-element-6ecc107 elementor-section-content-middle elementor-section-boxed elementor-section-height-default elementor-section-height-default\" data-eae-slider=\"27329\" data-id=\"6ecc107\" data-element_type=\"section\" data-e-type=\"section\">\n\t\t\t\t\t\t<div class=\"elementor-container elementor-column-gap-default\">\n\t\t\t\t\t<div class=\"has_eae_slider elementor-column elementor-col-100 elementor-top-column elementor-element elementor-element-8cc95da\" data-eae-slider=\"48491\" data-id=\"8cc95da\" data-element_type=\"column\" data-e-type=\"column\" data-settings=\"{&quot;background_background&quot;:&quot;classic&quot;}\">\n\t\t\t<div class=\"elementor-widget-wrap elementor-element-populated\">\n\t\t\t\t\t\t<div class=\"elementor-element elementor-element-5f8b26c elementor-widget elementor-widget-heading\" data-id=\"5f8b26c\" data-element_type=\"widget\" data-e-type=\"widget\" data-widget_type=\"heading.default\">\n\t\t\t\t<div class=\"elementor-widget-container\">\n\t\t\t\t\t<h2 class=\"elementor-heading-title elementor-size-default\">Mustererstellung<\/h2>\t\t\t\t<\/div>\n\t\t\t\t<\/div>\n\t\t\t\t<div class=\"elementor-element elementor-element-2af5b05 elementor-widget elementor-widget-text-editor\" data-id=\"2af5b05\" data-element_type=\"widget\" data-e-type=\"widget\" data-widget_type=\"text-editor.default\">\n\t\t\t\t<div class=\"elementor-widget-container\">\n\t\t\t\t\t\t\t\t\t<p class=\"bodytext\">Zus\u00e4tzlich zu unserer ausf\u00fchrlichen\u00a0Beratung\u00a0mit Bezug zu\u00a0Ihren Anwendungsfall,\u00a0erstellen wir f\u00fcr Sie eine kostenlose Mustermarkierung.<\/p><p class=\"bodytext\">Bitte senden Sie uns ihr Produkt zu, wir erstellen f\u00fcr Sie unverbindlich innerhalb von 48 Stunden eine Mustermarkierung inkl. Musterbericht. Oder vereinbaren Sie mit uns einen Termin f\u00fcr eine kostenlose, unverbindliche Anwendungsberatung inkl. Mustermarkierung in Ihrem Hause.<\/p><p class=\"bodytext\">Unser Vertriebsteam erreichen Sie <br \/>von Montag bis Donnerstag zwischen 8 und 17 Uhr<br \/>sowie Freitags zwischen 8 und 16 Uhr.<br \/>Telefon: +49 212 \u00a088 17 95-60<br \/>E-Mail:\u00a0<a href=\"mailto:vertrieb@butzbach-marking.de\">vertrieb@butzbach-marking.de<\/a><\/p><p class=\"bodytext\">\u00a0<\/p>\t\t\t\t\t\t\t\t<\/div>\n\t\t\t\t<\/div>\n\t\t\t\t\t<\/div>\n\t\t<\/div>\n\t\t\t\t\t<\/div>\n\t\t<\/section>\n\t\t\t\t<section class=\"has_eae_slider elementor-section elementor-top-section elementor-element elementor-element-e6f9fb7 elementor-section-content-middle elementor-section-boxed elementor-section-height-default elementor-section-height-default\" data-eae-slider=\"4636\" data-id=\"e6f9fb7\" data-element_type=\"section\" data-e-type=\"section\">\n\t\t\t\t\t\t<div class=\"elementor-container elementor-column-gap-default\">\n\t\t\t\t\t<div class=\"has_eae_slider elementor-column elementor-col-100 elementor-top-column elementor-element elementor-element-4dff991\" data-eae-slider=\"51738\" data-id=\"4dff991\" data-element_type=\"column\" data-e-type=\"column\" data-settings=\"{&quot;background_background&quot;:&quot;classic&quot;}\">\n\t\t\t<div class=\"elementor-widget-wrap elementor-element-populated\">\n\t\t\t\t\t\t<div class=\"elementor-element elementor-element-282a212 elementor-widget elementor-widget-heading\" data-id=\"282a212\" data-element_type=\"widget\" data-e-type=\"widget\" data-widget_type=\"heading.default\">\n\t\t\t\t<div class=\"elementor-widget-container\">\n\t\t\t\t\t<h2 class=\"elementor-heading-title elementor-size-default\">Reparatur<\/h2>\t\t\t\t<\/div>\n\t\t\t\t<\/div>\n\t\t\t\t<div class=\"elementor-element elementor-element-e843e03 elementor-widget elementor-widget-text-editor\" data-id=\"e843e03\" data-element_type=\"widget\" data-e-type=\"widget\" data-widget_type=\"text-editor.default\">\n\t\t\t\t<div class=\"elementor-widget-container\">\n\t\t\t\t\t\t\t\t\t<p class=\"bodytext\">Wir garantieren eine schnellstm\u00f6gliche Reparatur!<\/p><p class=\"bodytext\">Unseren Leiter Technischer Vertrieb Herrn Portoulidis erreichen Sie <br \/>von Montag bis Donnerstag zwischen 8 und 17 Uhr<br \/>sowie Freitags zwischen 8 und 16 Uhr.<br \/>Telefon: +49 212 \u00a088 17 95-73<br \/>E-Mail: <a href=\"mailto:portoulidis@couth-butzbach.de\">portoulidis@butzbach-marking.de<\/a><\/p><p class=\"bodytext\">Bitte senden Sie ihr Markiersystem f\u00fcr Reparaturen an nachfolgende Adresse:<\/p><p class=\"bodytext\"><b>Butzbach Marking GmbH<\/b><br \/>Abteilung Reparaturservice<br \/>Kronenstra\u00dfe 19<br \/>42697 Solingen<br \/>Deutschland<\/p>\t\t\t\t\t\t\t\t<\/div>\n\t\t\t\t<\/div>\n\t\t\t\t\t<\/div>\n\t\t<\/div>\n\t\t\t\t\t<\/div>\n\t\t<\/section>\n\t\t\t\t<\/div>\n\t\t","protected":false},"excerpt":{"rendered":"<p>Sehr gerne erstellen wir auf ihre Anforderung bezogen eine Mustermarkierung mit ausf\u00fchrlichem Musterbericht innerhalb von 48 Stunden.\u00a0Oder vereinbaren sie mit uns einen Besuchstermin f\u00fcr eine kostenlose, unverbindliche Mustermarkierung und Anwendungsberatung in ihrem Haus. Unser Versprechen Kundensupport steht f\u00fcr unser Vertriebs- und Serviceteam stets im Mittelpunkt.\u00a0Ein st\u00e4ndiger Erfahrungsaustausch und eine partnerschaftliche Zusammenarbeit sind f\u00fcr uns selbstverst\u00e4ndlich.\u00a0Von [&hellip;]<\/p>\n","protected":false},"author":1,"featured_media":1782,"parent":0,"menu_order":0,"comment_status":"closed","ping_status":"closed","template":"elementor_header_footer","meta":{"_acf_changed":false,"inline_featured_image":false,"footnotes":""},"class_list":["post-204","page","type-page","status-publish","has-post-thumbnail","hentry"],"acf":[],"_links":{"self":[{"href":"https:\/\/butzbach-marking.de\/de\/wp-json\/wp\/v2\/pages\/204","targetHints":{"allow":["GET"]}}],"collection":[{"href":"https:\/\/butzbach-marking.de\/de\/wp-json\/wp\/v2\/pages"}],"about":[{"href":"https:\/\/butzbach-marking.de\/de\/wp-json\/wp\/v2\/types\/page"}],"author":[{"embeddable":true,"href":"https:\/\/butzbach-marking.de\/de\/wp-json\/wp\/v2\/users\/1"}],"replies":[{"embeddable":true,"href":"https:\/\/butzbach-marking.de\/de\/wp-json\/wp\/v2\/comments?post=204"}],"version-history":[{"count":0,"href":"https:\/\/butzbach-marking.de\/de\/wp-json\/wp\/v2\/pages\/204\/revisions"}],"wp:featuredmedia":[{"embeddable":true,"href":"https:\/\/butzbach-marking.de\/de\/wp-json\/wp\/v2\/media\/1782"}],"wp:attachment":[{"href":"https:\/\/butzbach-marking.de\/de\/wp-json\/wp\/v2\/media?parent=204"}],"curies":[{"name":"wp","href":"https:\/\/api.w.org\/{rel}","templated":true}]}}