{"id":2704,"date":"2022-06-21T00:03:47","date_gmt":"2022-06-20T22:03:47","guid":{"rendered":"https:\/\/butzbach-marking.online\/?page_id=2704"},"modified":"2022-07-07T17:10:04","modified_gmt":"2022-07-07T15:10:04","slug":"akkubetriebene-geraete","status":"publish","type":"page","link":"https:\/\/butzbach-marking.de\/de\/akkubetriebene-geraete\/","title":{"rendered":"Akkubetriebene Ger\u00e4te"},"content":{"rendered":"\t\t<div data-elementor-type=\"wp-page\" data-elementor-id=\"2704\" class=\"elementor elementor-2704\" data-elementor-post-type=\"page\">\n\t\t\t\t<div class=\"has_eae_slider elementor-element elementor-element-97799e6 e-flex e-con-boxed e-con e-parent\" data-eae-slider=\"89979\" data-id=\"97799e6\" data-element_type=\"container\" data-e-type=\"container\">\n\t\t\t\t\t<div class=\"e-con-inner\">\n\t\t<div class=\"has_eae_slider elementor-element elementor-element-c76af8c e-con-full e-flex e-con e-child\" data-eae-slider=\"15457\" data-id=\"c76af8c\" data-element_type=\"container\" data-e-type=\"container\" data-settings=\"{&quot;background_background&quot;:&quot;classic&quot;}\">\n\t\t\t\t<div class=\"elementor-element elementor-element-bdd71af elementor-widget elementor-widget-heading\" data-id=\"bdd71af\" data-element_type=\"widget\" data-e-type=\"widget\" data-widget_type=\"heading.default\">\n\t\t\t\t<div class=\"elementor-widget-container\">\n\t\t\t\t\t<h1 class=\"elementor-heading-title elementor-size-default\">Mobiles Markieren per App<\/h1>\t\t\t\t<\/div>\n\t\t\t\t<\/div>\n\t\t\t\t<div class=\"elementor-element elementor-element-4039648 elementor-widget elementor-widget-heading\" data-id=\"4039648\" data-element_type=\"widget\" data-e-type=\"widget\" data-widget_type=\"heading.default\">\n\t\t\t\t<div class=\"elementor-widget-container\">\n\t\t\t\t\t<h3 class=\"elementor-heading-title elementor-size-default\">Entfesseltes Markieren \u2013 Akkubetrieb und WLAN-Anbindung an mobile Steuerungs-App.<\/h3>\t\t\t\t<\/div>\n\t\t\t\t<\/div>\n\t\t\t\t<\/div>\n\t\t\t\t\t<\/div>\n\t\t\t\t<\/div>\n\t\t<div class=\"has_eae_slider elementor-element elementor-element-0ba645f e-flex e-con-boxed e-con e-parent\" data-eae-slider=\"34813\" data-id=\"0ba645f\" data-element_type=\"container\" data-e-type=\"container\">\n\t\t\t\t\t<div class=\"e-con-inner\">\n\t\t<div class=\"has_eae_slider elementor-element elementor-element-8efba26 e-con-full e-flex e-con e-child\" data-eae-slider=\"47734\" data-id=\"8efba26\" data-element_type=\"container\" data-e-type=\"container\" data-settings=\"{&quot;background_background&quot;:&quot;classic&quot;}\">\n\t\t\t\t<div class=\"elementor-element elementor-element-7ba1d80 elementor-widget elementor-widget-image\" data-id=\"7ba1d80\" data-element_type=\"widget\" data-e-type=\"widget\" data-widget_type=\"image.default\">\n\t\t\t\t<div class=\"elementor-widget-container\">\n\t\t\t\t\t\t\t\t\t\t\t\t\t\t\t<img fetchpriority=\"high\" decoding=\"async\" width=\"2500\" height=\"2602\" src=\"https:\/\/butzbach-marking.de\/wp-content\/uploads\/2022\/06\/BM53-Mobile-BM155-Mobile-Hero-mit-Symbol.png\" class=\"attachment-full size-full wp-image-2962\" alt=\"BM53 Mobile und BM155 Mobile Hero mit Symbol\" srcset=\"https:\/\/butzbach-marking.de\/wp-content\/uploads\/2022\/06\/BM53-Mobile-BM155-Mobile-Hero-mit-Symbol.png 2500w, https:\/\/butzbach-marking.de\/wp-content\/uploads\/2022\/06\/BM53-Mobile-BM155-Mobile-Hero-mit-Symbol-1476x1536.png 1476w, https:\/\/butzbach-marking.de\/wp-content\/uploads\/2022\/06\/BM53-Mobile-BM155-Mobile-Hero-mit-Symbol-1968x2048.png 1968w\" sizes=\"(max-width: 2500px) 100vw, 2500px\" \/>\t\t\t\t\t\t\t\t\t\t\t\t\t\t\t<\/div>\n\t\t\t\t<\/div>\n\t\t\t\t<div class=\"elementor-element elementor-element-470a04b elementor-widget elementor-widget-spacer\" data-id=\"470a04b\" data-element_type=\"widget\" data-e-type=\"widget\" data-widget_type=\"spacer.default\">\n\t\t\t\t<div class=\"elementor-widget-container\">\n\t\t\t\t\t\t\t<div class=\"elementor-spacer\">\n\t\t\t<div class=\"elementor-spacer-inner\"><\/div>\n\t\t<\/div>\n\t\t\t\t\t\t<\/div>\n\t\t\t\t<\/div>\n\t\t\t\t<\/div>\n\t\t\t\t\t<\/div>\n\t\t\t\t<\/div>\n\t\t<div class=\"has_eae_slider elementor-element elementor-element-cf57294 elementor-hidden-mobile e-flex e-con-boxed e-con e-parent\" data-eae-slider=\"68944\" data-id=\"cf57294\" data-element_type=\"container\" data-e-type=\"container\">\n\t\t\t\t\t<div class=\"e-con-inner\">\n\t\t<div class=\"has_eae_slider elementor-element elementor-element-7590d6c e-con-full e-flex e-con e-child\" data-eae-slider=\"22933\" data-id=\"7590d6c\" data-element_type=\"container\" data-e-type=\"container\" data-settings=\"{&quot;background_background&quot;:&quot;classic&quot;}\">\n\t\t\t\t<div class=\"elementor-element elementor-element-038b0b8 elementor-widget-tablet__width-initial elementor-widget elementor-widget-text-editor\" data-id=\"038b0b8\" data-element_type=\"widget\" data-e-type=\"widget\" data-widget_type=\"text-editor.default\">\n\t\t\t\t<div class=\"elementor-widget-container\">\n\t\t\t\t\t\t\t\t\t<p>Wir pr\u00e4sentieren die ersten kabellosen, Akku betriebenen und App gesteuerten, elektromagnetischen Handnadelmarkierer.<\/p>\t\t\t\t\t\t\t\t<\/div>\n\t\t\t\t<\/div>\n\t\t\t\t<\/div>\n\t\t\t\t\t<\/div>\n\t\t\t\t<\/div>\n\t\t<div class=\"has_eae_slider elementor-element elementor-element-0a548e5 elementor-hidden-desktop elementor-hidden-tablet e-flex e-con-boxed e-con e-parent\" data-eae-slider=\"38633\" data-id=\"0a548e5\" data-element_type=\"container\" data-e-type=\"container\">\n\t\t\t\t\t<div class=\"e-con-inner\">\n\t\t<div class=\"has_eae_slider elementor-element elementor-element-1889839 e-con-full e-flex e-con e-child\" data-eae-slider=\"33893\" data-id=\"1889839\" data-element_type=\"container\" data-e-type=\"container\" data-settings=\"{&quot;background_background&quot;:&quot;classic&quot;}\">\n\t\t\t\t<div class=\"elementor-element elementor-element-b1a2628 elementor-widget elementor-widget-image\" data-id=\"b1a2628\" data-element_type=\"widget\" data-e-type=\"widget\" data-widget_type=\"image.default\">\n\t\t\t\t<div class=\"elementor-widget-container\">\n\t\t\t\t\t\t\t\t\t\t\t\t\t\t\t<img decoding=\"async\" width=\"800\" height=\"800\" src=\"https:\/\/butzbach-marking.de\/wp-content\/uploads\/2022\/06\/Smartphone-App-with-shadow-1024x1024.png\" class=\"attachment-large size-large wp-image-2712\" alt=\"Smartphone App with shadow\" srcset=\"https:\/\/butzbach-marking.de\/wp-content\/uploads\/2022\/06\/Smartphone-App-with-shadow-1024x1024.png 1024w, https:\/\/butzbach-marking.de\/wp-content\/uploads\/2022\/06\/Smartphone-App-with-shadow-300x300.png 300w, https:\/\/butzbach-marking.de\/wp-content\/uploads\/2022\/06\/Smartphone-App-with-shadow-150x150.png 150w, https:\/\/butzbach-marking.de\/wp-content\/uploads\/2022\/06\/Smartphone-App-with-shadow-768x768.png 768w\" sizes=\"(max-width: 800px) 100vw, 800px\" \/>\t\t\t\t\t\t\t\t\t\t\t\t\t\t\t<\/div>\n\t\t\t\t<\/div>\n\t\t\t\t<div class=\"elementor-element elementor-element-aa1341c elementor-widget-tablet__width-initial elementor-widget-mobile__width-inherit elementor-widget elementor-widget-text-editor\" data-id=\"aa1341c\" data-element_type=\"widget\" data-e-type=\"widget\" data-widget_type=\"text-editor.default\">\n\t\t\t\t<div class=\"elementor-widget-container\">\n\t\t\t\t\t\t\t\t\t<p>Wir pr\u00e4sentieren die ersten kabellosen, Akku betriebenen und App gesteuerten, elektromagnetischen Handnadelmarkierer.<\/p>\t\t\t\t\t\t\t\t<\/div>\n\t\t\t\t<\/div>\n\t\t\t\t<\/div>\n\t\t\t\t\t<\/div>\n\t\t\t\t<\/div>\n\t\t<div class=\"has_eae_slider elementor-element elementor-element-b4c5a71 e-flex e-con-boxed e-con e-parent\" data-eae-slider=\"47067\" data-id=\"b4c5a71\" data-element_type=\"container\" data-e-type=\"container\">\n\t\t\t\t\t<div class=\"e-con-inner\">\n\t\t<div class=\"has_eae_slider elementor-element elementor-element-40da12f e-con-full e-flex e-con e-child\" data-eae-slider=\"24003\" data-id=\"40da12f\" data-element_type=\"container\" data-e-type=\"container\" data-settings=\"{&quot;background_background&quot;:&quot;classic&quot;}\">\n\t\t\t\t<div class=\"elementor-element elementor-element-57d3aa2 elementor-widget elementor-widget-text-editor\" data-id=\"57d3aa2\" data-element_type=\"widget\" data-e-type=\"widget\" data-widget_type=\"text-editor.default\">\n\t\t\t\t<div class=\"elementor-widget-container\">\n\t\t\t\t\t\t\t\t\t<p>Die Markierer BM53 Mobile und BM155 Mobile zeichnen sich durch ihr geringes Gewicht, die einfache Anwendung, eine gute Markiertiefe sowie hohe Markiergeschwindigkeit aus. Die mobilen Handnadelmarkierer bieten zuverl\u00e4ssige und unver\u00e4nderbare Beschriftung direkt in das Material des Werkst\u00fccks. Die Markierungen, die aus Text, Logos und DataMatrix-Codes bestehen k\u00f6nnen, setzen sich aus einer Abfolge von Nadelpunkten zusammen.<\/p><p>Anwendungsgebiete sind kleine Serien sowie Bereiche, die keine Anbindungsm\u00f6glichkeiten wie Strom oder Druckluft in der N\u00e4he des zu markierenden Werkst\u00fccks haben.<\/p><p>Gesteuert werden die mobilen Handnadelmarkierer durch eine App auf einem mobilen Endger\u00e4t (Smartphone, Tablet oder Laptop). Die App ist aus dem Google Play Store oder dem Apple App Store ladbar. Es ist also kein integrierter oder externer Controller notwendig.<\/p>\t\t\t\t\t\t\t\t<\/div>\n\t\t\t\t<\/div>\n\t\t\t\t<div class=\"elementor-element elementor-element-a28db96 elementor-widget elementor-widget-heading\" data-id=\"a28db96\" data-element_type=\"widget\" data-e-type=\"widget\" data-widget_type=\"heading.default\">\n\t\t\t\t<div class=\"elementor-widget-container\">\n\t\t\t\t\t<h3 class=\"elementor-heading-title elementor-size-default\">App laden und starten<\/h3>\t\t\t\t<\/div>\n\t\t\t\t<\/div>\n\t\t<div class=\"has_eae_slider elementor-element elementor-element-9b3bf93 e-con-full e-flex e-con e-child\" data-eae-slider=\"24699\" data-id=\"9b3bf93\" data-element_type=\"container\" data-e-type=\"container\">\n\t\t<div class=\"has_eae_slider elementor-element elementor-element-84a4c6d e-con-full e-flex e-con e-child\" data-eae-slider=\"71797\" data-id=\"84a4c6d\" data-element_type=\"container\" data-e-type=\"container\">\n\t\t\t\t<div class=\"elementor-element elementor-element-8a58250 elementor-widget elementor-widget-heading\" data-id=\"8a58250\" data-element_type=\"widget\" data-e-type=\"widget\" data-widget_type=\"heading.default\">\n\t\t\t\t<div class=\"elementor-widget-container\">\n\t\t\t\t\t<h5 class=\"elementor-heading-title elementor-size-default\">App f\u00fcr iOS und iPadOS<\/h5>\t\t\t\t<\/div>\n\t\t\t\t<\/div>\n\t\t\t\t<div class=\"elementor-element elementor-element-deceac0 elementor-widget__width-auto elementor-widget-tablet__width-auto elementor-widget elementor-widget-image\" data-id=\"deceac0\" data-element_type=\"widget\" data-e-type=\"widget\" data-widget_type=\"image.default\">\n\t\t\t\t<div class=\"elementor-widget-container\">\n\t\t\t\t\t\t\t\t\t\t\t\t\t\t\t\t<a href=\"https:\/\/apps.apple.com\/de\/app\/mnsblauncher\/id1467882094\" target=\"_blank\" rel=\"nofollow\">\n\t\t\t\t\t\t\t<img decoding=\"async\" width=\"800\" height=\"269\" src=\"https:\/\/butzbach-marking.de\/wp-content\/uploads\/2022\/06\/Download_on_the_App_Store_Badge_DE_RGB_blk_092917.svg\" class=\"attachment-large size-large wp-image-2839\" alt=\"App Store Badge DE\" \/>\t\t\t\t\t\t\t\t<\/a>\n\t\t\t\t\t\t\t\t\t\t\t\t\t\t\t<\/div>\n\t\t\t\t<\/div>\n\t\t\t\t<\/div>\n\t\t<div class=\"has_eae_slider elementor-element elementor-element-d317b66 e-con-full e-flex e-con e-child\" data-eae-slider=\"95937\" data-id=\"d317b66\" data-element_type=\"container\" data-e-type=\"container\">\n\t\t\t\t<div class=\"elementor-element elementor-element-48746b4 elementor-widget elementor-widget-heading\" data-id=\"48746b4\" data-element_type=\"widget\" data-e-type=\"widget\" data-widget_type=\"heading.default\">\n\t\t\t\t<div class=\"elementor-widget-container\">\n\t\t\t\t\t<h5 class=\"elementor-heading-title elementor-size-default\">App f\u00fcr Android<\/h5>\t\t\t\t<\/div>\n\t\t\t\t<\/div>\n\t\t\t\t<div class=\"elementor-element elementor-element-b173162 elementor-widget__width-auto elementor-widget elementor-widget-image\" data-id=\"b173162\" data-element_type=\"widget\" data-e-type=\"widget\" data-widget_type=\"image.default\">\n\t\t\t\t<div class=\"elementor-widget-container\">\n\t\t\t\t\t\t\t\t\t\t\t\t\t\t\t\t<a href=\"https:\/\/play.google.com\/store\/apps\/details?id=ssc.mobimarker\" target=\"_blank\" rel=\"nofollow\">\n\t\t\t\t\t\t\t<img loading=\"lazy\" decoding=\"async\" width=\"800\" height=\"800\" src=\"https:\/\/butzbach-marking.de\/wp-content\/uploads\/2022\/06\/google-play-badge-de.svg\" class=\"attachment-large size-large wp-image-2834\" alt=\"google play badge de\" \/>\t\t\t\t\t\t\t\t<\/a>\n\t\t\t\t\t\t\t\t\t\t\t\t\t\t\t<\/div>\n\t\t\t\t<\/div>\n\t\t\t\t<\/div>\n\t\t\t\t<\/div>\n\t\t\t\t<div class=\"elementor-element elementor-element-de72326 elementor-widget elementor-widget-text-editor\" data-id=\"de72326\" data-element_type=\"widget\" data-e-type=\"widget\" data-widget_type=\"text-editor.default\">\n\t\t\t\t<div class=\"elementor-widget-container\">\n\t\t\t\t\t\t\t\t\t<p>Die gew\u00fcnschte Markierung wird direkt in die App auf dem mobilen Endger\u00e4t (z.B. Smartphone) des Anwenders eingegeben und \u00fcber eine WiFi-Verbindung zum mobilen Handmarkierer \u00fcbertragen. Nun kann die Markierung am Werkst\u00fcck ausgef\u00fchrt werden.<\/p><p>Angetrieben werden die Ger\u00e4te mit einem Lithium-Ion Akku mit 5 Ah\/18 V. Anwendungsdauer je nach Intensit\u00e4t zwischen 8 und 24 Stunden.<\/p>\t\t\t\t\t\t\t\t<\/div>\n\t\t\t\t<\/div>\n\t\t\t\t<\/div>\n\t\t\t\t\t<\/div>\n\t\t\t\t<\/div>\n\t\t<div class=\"has_eae_slider elementor-element elementor-element-88ed6a0 e-flex e-con-boxed e-con e-parent\" data-eae-slider=\"10918\" data-id=\"88ed6a0\" data-element_type=\"container\" data-e-type=\"container\" data-settings=\"{&quot;background_background&quot;:&quot;classic&quot;}\">\n\t\t\t\t\t<div class=\"e-con-inner\">\n\t\t<div class=\"has_eae_slider elementor-element elementor-element-47b7981 e-con-full e-flex e-con e-child\" data-eae-slider=\"57543\" data-id=\"47b7981\" data-element_type=\"container\" data-e-type=\"container\" data-settings=\"{&quot;background_background&quot;:&quot;classic&quot;}\">\n\t\t<div class=\"has_eae_slider elementor-element elementor-element-b114929 e-con-full e-flex e-con e-child\" data-eae-slider=\"16186\" data-id=\"b114929\" data-element_type=\"container\" data-e-type=\"container\">\n\t\t\t\t<div class=\"elementor-element elementor-element-39db7bf elementor-widget__width-initial elementor-widget-tablet__width-initial elementor-widget-mobile__width-inherit elementor-widget elementor-widget-text-editor\" data-id=\"39db7bf\" data-element_type=\"widget\" data-e-type=\"widget\" data-widget_type=\"text-editor.default\">\n\t\t\t\t<div class=\"elementor-widget-container\">\n\t\t\t\t\t\t\t\t\t<p>Akkubetriebener<br \/>Handnadelmarkierer<\/p>\t\t\t\t\t\t\t\t<\/div>\n\t\t\t\t<\/div>\n\t\t\t\t<div class=\"elementor-element elementor-element-037458e elementor-widget__width-initial elementor-widget-tablet__width-initial elementor-widget-mobile__width-inherit elementor-widget elementor-widget-text-editor\" data-id=\"037458e\" data-element_type=\"widget\" data-e-type=\"widget\" data-widget_type=\"text-editor.default\">\n\t\t\t\t<div class=\"elementor-widget-container\">\n\t\t\t\t\t\t\t\t\t<p>BM53 Mobile<\/p>\t\t\t\t\t\t\t\t<\/div>\n\t\t\t\t<\/div>\n\t\t\t\t<div class=\"elementor-element elementor-element-16ea705 elementor-widget__width-initial elementor-widget-tablet__width-initial elementor-widget-mobile__width-inherit elementor-widget elementor-widget-text-editor\" data-id=\"16ea705\" data-element_type=\"widget\" data-e-type=\"widget\" data-widget_type=\"text-editor.default\">\n\t\t\t\t<div class=\"elementor-widget-container\">\n\t\t\t\t\t\t\t\t\t<p>Markierbereich: 30 x 50 mm<br \/>Gewicht mit Akku: 2,7 kg<\/p>\t\t\t\t\t\t\t\t<\/div>\n\t\t\t\t<\/div>\n\t\t\t\t<div class=\"elementor-element elementor-element-866a2f6 elementor-widget__width-initial elementor-widget-tablet__width-initial elementor-widget-mobile__width-inherit elementor-widget elementor-widget-text-editor\" data-id=\"866a2f6\" data-element_type=\"widget\" data-e-type=\"widget\" data-widget_type=\"text-editor.default\">\n\t\t\t\t<div class=\"elementor-widget-container\">\n\t\t\t\t\t\t\t\t\t<p><a href=\"https:\/\/butzbach-marking.de\/de\/markiersystem_gruppe\/nadelmarkierer\/#tap1\">zur Produktseite<\/a><\/p>\t\t\t\t\t\t\t\t<\/div>\n\t\t\t\t<\/div>\n\t\t\t\t<\/div>\n\t\t\t\t<\/div>\n\t\t<div class=\"has_eae_slider elementor-element elementor-element-2b13dae e-con-full e-flex e-con e-child\" data-eae-slider=\"7953\" data-id=\"2b13dae\" data-element_type=\"container\" data-e-type=\"container\" data-settings=\"{&quot;background_background&quot;:&quot;classic&quot;}\">\n\t\t\t\t<div class=\"elementor-element elementor-element-c7ebb87 elementor-widget-tablet__width-auto elementor-widget elementor-widget-image\" data-id=\"c7ebb87\" data-element_type=\"widget\" data-e-type=\"widget\" data-widget_type=\"image.default\">\n\t\t\t\t<div class=\"elementor-widget-container\">\n\t\t\t\t\t\t\t\t\t\t\t\t\t\t\t<img loading=\"lazy\" decoding=\"async\" width=\"2000\" height=\"1865\" src=\"https:\/\/butzbach-marking.de\/wp-content\/uploads\/2022\/06\/BM53-Mobile.png\" class=\"attachment-full size-full wp-image-2806\" alt=\"BM53 Mobile\" srcset=\"https:\/\/butzbach-marking.de\/wp-content\/uploads\/2022\/06\/BM53-Mobile.png 2000w, https:\/\/butzbach-marking.de\/wp-content\/uploads\/2022\/06\/BM53-Mobile-1536x1432.png 1536w\" sizes=\"(max-width: 2000px) 100vw, 2000px\" \/>\t\t\t\t\t\t\t\t\t\t\t\t\t\t\t<\/div>\n\t\t\t\t<\/div>\n\t\t\t\t<\/div>\n\t\t\t\t\t<\/div>\n\t\t\t\t<\/div>\n\t\t<div class=\"has_eae_slider elementor-element elementor-element-cfb3fdd e-flex e-con-boxed e-con e-parent\" data-eae-slider=\"38277\" data-id=\"cfb3fdd\" data-element_type=\"container\" data-e-type=\"container\" data-settings=\"{&quot;background_background&quot;:&quot;classic&quot;}\">\n\t\t\t\t\t<div class=\"e-con-inner\">\n\t\t<div class=\"has_eae_slider elementor-element elementor-element-ad1ac5c e-con-full e-flex e-con e-child\" data-eae-slider=\"83571\" data-id=\"ad1ac5c\" data-element_type=\"container\" data-e-type=\"container\" data-settings=\"{&quot;background_background&quot;:&quot;classic&quot;}\">\n\t\t<div class=\"has_eae_slider elementor-element elementor-element-ccd46a4 e-con-full e-flex e-con e-child\" data-eae-slider=\"25077\" data-id=\"ccd46a4\" data-element_type=\"container\" data-e-type=\"container\">\n\t\t\t\t<div class=\"elementor-element elementor-element-544ed10 elementor-widget__width-initial elementor-widget-tablet__width-initial elementor-widget-mobile__width-inherit elementor-widget elementor-widget-text-editor\" data-id=\"544ed10\" data-element_type=\"widget\" data-e-type=\"widget\" data-widget_type=\"text-editor.default\">\n\t\t\t\t<div class=\"elementor-widget-container\">\n\t\t\t\t\t\t\t\t\t<p>Akkubetriebener<br \/>Handnadelmarkierer<\/p>\t\t\t\t\t\t\t\t<\/div>\n\t\t\t\t<\/div>\n\t\t\t\t<div class=\"elementor-element elementor-element-e9d1028 elementor-widget__width-initial elementor-widget-tablet__width-initial elementor-widget-mobile__width-inherit elementor-widget elementor-widget-text-editor\" data-id=\"e9d1028\" data-element_type=\"widget\" data-e-type=\"widget\" data-widget_type=\"text-editor.default\">\n\t\t\t\t<div class=\"elementor-widget-container\">\n\t\t\t\t\t\t\t\t\t<p>BM155 Mobile<\/p>\t\t\t\t\t\t\t\t<\/div>\n\t\t\t\t<\/div>\n\t\t\t\t<div class=\"elementor-element elementor-element-15cc43c elementor-widget__width-initial elementor-widget-tablet__width-initial elementor-widget-mobile__width-inherit elementor-widget elementor-widget-text-editor\" data-id=\"15cc43c\" data-element_type=\"widget\" data-e-type=\"widget\" data-widget_type=\"text-editor.default\">\n\t\t\t\t<div class=\"elementor-widget-container\">\n\t\t\t\t\t\t\t\t\t<p>Markierbereich: 50 x 150 mm<br \/>Gewicht mit Akku: 3,1 kg<\/p>\t\t\t\t\t\t\t\t<\/div>\n\t\t\t\t<\/div>\n\t\t\t\t<div class=\"elementor-element elementor-element-e79e642 elementor-widget__width-initial elementor-widget-tablet__width-initial elementor-widget-mobile__width-inherit elementor-widget elementor-widget-text-editor\" data-id=\"e79e642\" data-element_type=\"widget\" data-e-type=\"widget\" data-widget_type=\"text-editor.default\">\n\t\t\t\t<div class=\"elementor-widget-container\">\n\t\t\t\t\t\t\t\t\t<p><a href=\"https:\/\/butzbach-marking.de\/de\/markiersystem_gruppe\/nadelmarkierer\/#tap1\">zur Produktseite<\/a><\/p>\t\t\t\t\t\t\t\t<\/div>\n\t\t\t\t<\/div>\n\t\t\t\t<\/div>\n\t\t\t\t<\/div>\n\t\t<div class=\"has_eae_slider elementor-element elementor-element-f6ee718 e-con-full e-flex e-con e-child\" data-eae-slider=\"49687\" data-id=\"f6ee718\" data-element_type=\"container\" data-e-type=\"container\" data-settings=\"{&quot;background_background&quot;:&quot;classic&quot;}\">\n\t\t\t\t<div class=\"elementor-element elementor-element-ebd1f2f elementor-widget-tablet__width-auto elementor-widget elementor-widget-image\" data-id=\"ebd1f2f\" data-element_type=\"widget\" data-e-type=\"widget\" data-widget_type=\"image.default\">\n\t\t\t\t<div class=\"elementor-widget-container\">\n\t\t\t\t\t\t\t\t\t\t\t\t\t\t\t<img loading=\"lazy\" decoding=\"async\" width=\"1495\" height=\"1450\" src=\"https:\/\/butzbach-marking.de\/wp-content\/uploads\/2022\/06\/BM155-Mobile.png\" class=\"attachment-full size-full wp-image-2808\" alt=\"BM155 Mobile\" \/>\t\t\t\t\t\t\t\t\t\t\t\t\t\t\t<\/div>\n\t\t\t\t<\/div>\n\t\t\t\t<\/div>\n\t\t\t\t\t<\/div>\n\t\t\t\t<\/div>\n\t\t\t\t<\/div>\n\t\t","protected":false},"excerpt":{"rendered":"<p>Mobiles Markieren per App Entfesseltes Markieren \u2013 Akkubetrieb und WLAN-Anbindung an mobile Steuerungs-App. Wir pr\u00e4sentieren die ersten kabellosen, Akku betriebenen und App gesteuerten, elektromagnetischen Handnadelmarkierer. Wir pr\u00e4sentieren die ersten kabellosen, Akku betriebenen und App gesteuerten, elektromagnetischen Handnadelmarkierer. Die Markierer BM53 Mobile und BM155 Mobile zeichnen sich durch ihr geringes Gewicht, die einfache Anwendung, eine gute [&hellip;]<\/p>\n","protected":false},"author":1,"featured_media":0,"parent":0,"menu_order":0,"comment_status":"closed","ping_status":"closed","template":"elementor_header_footer","meta":{"_acf_changed":false,"inline_featured_image":false,"footnotes":""},"class_list":["post-2704","page","type-page","status-publish","hentry"],"acf":[],"_links":{"self":[{"href":"https:\/\/butzbach-marking.de\/de\/wp-json\/wp\/v2\/pages\/2704","targetHints":{"allow":["GET"]}}],"collection":[{"href":"https:\/\/butzbach-marking.de\/de\/wp-json\/wp\/v2\/pages"}],"about":[{"href":"https:\/\/butzbach-marking.de\/de\/wp-json\/wp\/v2\/types\/page"}],"author":[{"embeddable":true,"href":"https:\/\/butzbach-marking.de\/de\/wp-json\/wp\/v2\/users\/1"}],"replies":[{"embeddable":true,"href":"https:\/\/butzbach-marking.de\/de\/wp-json\/wp\/v2\/comments?post=2704"}],"version-history":[{"count":205,"href":"https:\/\/butzbach-marking.de\/de\/wp-json\/wp\/v2\/pages\/2704\/revisions"}],"predecessor-version":[{"id":3015,"href":"https:\/\/butzbach-marking.de\/de\/wp-json\/wp\/v2\/pages\/2704\/revisions\/3015"}],"wp:attachment":[{"href":"https:\/\/butzbach-marking.de\/de\/wp-json\/wp\/v2\/media?parent=2704"}],"curies":[{"name":"wp","href":"https:\/\/api.w.org\/{rel}","templated":true}]}}